{"id":261,"date":"2017-01-10T23:00:24","date_gmt":"2017-01-10T23:00:24","guid":{"rendered":"http:\/\/prawieoprawie.pl\/kariera\/?page_id=261"},"modified":"2017-02-08T08:51:19","modified_gmt":"2017-02-08T08:51:19","slug":"polityka-prywatnosci","status":"publish","type":"page","link":"https:\/\/prawieoprawie.pl\/kariera\/polityka-prywatnosci\/","title":{"rendered":"Polityka prywatno\u015bci"},"content":{"rendered":"<ol>\n<li>W\u0142a\u015bciciel serwisu Prawieoprawie.pl jest administratorem zbioru danych osobowych os\u00f3b korzystaj\u0105cych z Serwisu.<\/li>\n<li>W\u0142a\u015bciciel Serwisu przetwarza dane osobowe U\u017cytkownik\u00f3w wy\u0142\u0105cznie w zakresie niezb\u0119dnym do prawid\u0142owego funkcjonowania Serwisu i nale\u017cytego \u015bwiadczenia us\u0142ug drog\u0105 elektroniczn\u0105.<\/li>\n<li>Przetwarzanie danych osobowych U\u017cytkownik\u00f3w dotyczy adresu e-mail.<\/li>\n<li>W\u0142a\u015bciciel serwisu Prawieoprawie.pl zobowi\u0105zuje si\u0119 do zachowania danych osobowych, o kt\u00f3rych mowa w ust\u0119pach poprzedzaj\u0105cych w poufno\u015bci i nieujawniania ich innym podmiotom, chyba \u017ce U\u017cytkownik wyra\u017anie go do tego upowa\u017cni, albo upowa\u017cnienie takie wynika\u0107 b\u0119dzie z przepisu prawa. Zobowi\u0105zanie to pozostaje w mocy po wyga\u015bni\u0119ciu stosunku prawnego \u0142\u0105cz\u0105cego obie strony.<\/li>\n<li>U\u017cytkownikowi przys\u0142uguje prawo zmiany danych osobowych podanych w formularzu danych.<\/li>\n<li>W odniesieniu do przetwarzanych danych osobowych U\u017cytkownikowi przys\u0142uguje prawo wgl\u0105du do danych, kt\u00f3re umie\u015bci\u0142a w formularzu zg\u0142oszeniowym wraz z mo\u017cliwo\u015bci\u0105 ich aktualizacji oraz zmiany.<\/li>\n<li>Pod warunkiem uzyskania wyra\u017anej zgody, w\u0142a\u015bciciel serwisu Prawieoprawie.pl mo\u017ce wykorzystywa\u0107 dane U\u017cytkownika do cel\u00f3w marketingowych, w szczeg\u00f3lno\u015bci do przesy\u0142ania U\u017cytkownikowi informacji reklamowych drog\u0105 elektroniczn\u0105. Zgoda na przesy\u0142anie danych stanowi\u0105cych informacj\u0119 handlow\u0105 w rozumieniu Ustawy o \u015bwiadczeniu us\u0142ug drog\u0105 elektroniczn\u0105 wyra\u017cana jest przy przyst\u0119powaniu do Serwisu.<\/li>\n<li>W\u0142a\u015bciciel serwisu Prawieoprawie.pl nie odpowiada za polityk\u0119 ochrony prywatno\u015bci innych stron internetowych, zar\u00f3wno tych dost\u0119pnych dla U\u017cytkownik\u00f3w dzi\u0119ki linkom umieszczonym na stronach Serwisu, jak i tych, kt\u00f3re umieszczaj\u0105 linki do Serwisu.<\/li>\n<li>W\u0142a\u015bciciel serwisu Prawieoprawie.pl zastrzega sobie prawo przekazywania osobom trzecim opracowa\u0144 statystycznych oraz innych informacji niepozwalaj\u0105cych na bezpo\u015bredni\u0105 identyfikacj\u0119 poszczeg\u00f3lnych U\u017cytkownik\u00f3w.<\/li>\n<li>Serwis korzysta ze \u015brodk\u00f3w bezpiecze\u0144stwa maj\u0105cych na celu ochron\u0119 gromadzonych informacji przed ich utrat\u0105, niew\u0142a\u015bciwym wykorzystaniem i modyfikacj\u0105.<\/li>\n<li>W\u0142a\u015bciciel serwisu Prawieoprawie.pl zobowi\u0105zuje si\u0119 chroni\u0107 wszelkie informacje ujawnione nam przez U\u017cytkownik\u00f3w zgodnie z normami ochrony bezpiecze\u0144stwa i zachowania poufno\u015bci.<\/li>\n<\/ol>\n","protected":false},"excerpt":{"rendered":"<p>W\u0142a\u015bciciel serwisu Prawieoprawie.pl jest administratorem zbioru danych osobowych os\u00f3b korzystaj\u0105cych z Serwisu. W\u0142a\u015bciciel Serwisu przetwarza dane osobowe U\u017cytkownik\u00f3w wy\u0142\u0105cznie w zakresie niezb\u0119dnym do prawid\u0142owego funkcjonowania Serwisu i nale\u017cytego \u015bwiadczenia us\u0142ug&#8230;<\/p>\n","protected":false},"author":1,"featured_media":0,"parent":0,"menu_order":0,"comment_status":"closed","ping_status":"closed","template":"","meta":{"_monsterinsights_skip_tracking":false,"_monsterinsights_sitenote_active":false,"_monsterinsights_sitenote_note":"","_monsterinsights_sitenote_category":0,"footnotes":""},"class_list":["post-261","page","type-page","status-publish","hentry"],"yoast_head":"<!-- This site is optimized with the Yoast SEO plugin v27.5 - https:\/\/yoast.com\/product\/yoast-seo-wordpress\/ -->\n<title>Polityka prywatno\u015bci - Kariera Prawieoprawie.pl<\/title>\n<meta name=\"robots\" content=\"index, follow, max-snippet:-1, max-image-preview:large, max-video-preview:-1\" \/>\n<link rel=\"canonical\" href=\"https:\/\/prawieoprawie.pl\/kariera\/polityka-prywatnosci\/\" \/>\n<meta property=\"og:locale\" content=\"pl_PL\" \/>\n<meta property=\"og:type\" content=\"article\" \/>\n<meta property=\"og:title\" content=\"Polityka prywatno\u015bci - Kariera Prawieoprawie.pl\" \/>\n<meta property=\"og:description\" content=\"W\u0142a\u015bciciel serwisu Prawieoprawie.pl jest administratorem zbioru danych osobowych os\u00f3b korzystaj\u0105cych z Serwisu. W\u0142a\u015bciciel Serwisu przetwarza dane osobowe U\u017cytkownik\u00f3w wy\u0142\u0105cznie w zakresie niezb\u0119dnym do prawid\u0142owego funkcjonowania Serwisu i nale\u017cytego \u015bwiadczenia us\u0142ug...\" \/>\n<meta property=\"og:url\" content=\"https:\/\/prawieoprawie.pl\/kariera\/polityka-prywatnosci\/\" \/>\n<meta property=\"og:site_name\" content=\"Kariera Prawieoprawie.pl\" \/>\n<meta property=\"article:modified_time\" content=\"2017-02-08T08:51:19+00:00\" \/>\n<meta name=\"twitter:card\" content=\"summary_large_image\" \/>\n<meta name=\"twitter:label1\" content=\"Szacowany czas czytania\" \/>\n\t<meta name=\"twitter:data1\" content=\"2 minuty\" \/>\n<script type=\"application\/ld+json\" class=\"yoast-schema-graph\">{\"@context\":\"https:\\\/\\\/schema.org\",\"@graph\":[{\"@type\":\"WebPage\",\"@id\":\"https:\\\/\\\/prawieoprawie.pl\\\/kariera\\\/polityka-prywatnosci\\\/\",\"url\":\"https:\\\/\\\/prawieoprawie.pl\\\/kariera\\\/polityka-prywatnosci\\\/\",\"name\":\"Polityka prywatno\u015bci - Kariera Prawieoprawie.pl\",\"isPartOf\":{\"@id\":\"https:\\\/\\\/prawieoprawie.pl\\\/kariera\\\/#website\"},\"datePublished\":\"2017-01-10T23:00:24+00:00\",\"dateModified\":\"2017-02-08T08:51:19+00:00\",\"breadcrumb\":{\"@id\":\"https:\\\/\\\/prawieoprawie.pl\\\/kariera\\\/polityka-prywatnosci\\\/#breadcrumb\"},\"inLanguage\":\"pl-PL\",\"potentialAction\":[{\"@type\":\"ReadAction\",\"target\":[\"https:\\\/\\\/prawieoprawie.pl\\\/kariera\\\/polityka-prywatnosci\\\/\"]}]},{\"@type\":\"BreadcrumbList\",\"@id\":\"https:\\\/\\\/prawieoprawie.pl\\\/kariera\\\/polityka-prywatnosci\\\/#breadcrumb\",\"itemListElement\":[{\"@type\":\"ListItem\",\"position\":1,\"name\":\"Strona g\u0142\u00f3wna\",\"item\":\"https:\\\/\\\/prawieoprawie.pl\\\/kariera\\\/\"},{\"@type\":\"ListItem\",\"position\":2,\"name\":\"Polityka prywatno\u015bci\"}]},{\"@type\":\"WebSite\",\"@id\":\"https:\\\/\\\/prawieoprawie.pl\\\/kariera\\\/#website\",\"url\":\"https:\\\/\\\/prawieoprawie.pl\\\/kariera\\\/\",\"name\":\"Kariera Prawieoprawie.pl\",\"description\":\"Og\u0142oszenia o pracy w bran\u017cy prawniczej\",\"publisher\":{\"@id\":\"https:\\\/\\\/prawieoprawie.pl\\\/kariera\\\/#organization\"},\"potentialAction\":[{\"@type\":\"SearchAction\",\"target\":{\"@type\":\"EntryPoint\",\"urlTemplate\":\"https:\\\/\\\/prawieoprawie.pl\\\/kariera\\\/?s={search_term_string}\"},\"query-input\":{\"@type\":\"PropertyValueSpecification\",\"valueRequired\":true,\"valueName\":\"search_term_string\"}}],\"inLanguage\":\"pl-PL\"},{\"@type\":\"Organization\",\"@id\":\"https:\\\/\\\/prawieoprawie.pl\\\/kariera\\\/#organization\",\"name\":\"Kariera Prawieoprawie.pl\",\"url\":\"https:\\\/\\\/prawieoprawie.pl\\\/kariera\\\/\",\"logo\":{\"@type\":\"ImageObject\",\"inLanguage\":\"pl-PL\",\"@id\":\"https:\\\/\\\/prawieoprawie.pl\\\/kariera\\\/#\\\/schema\\\/logo\\\/image\\\/\",\"url\":\"https:\\\/\\\/prawieoprawie.pl\\\/kariera\\\/wp-content\\\/uploads\\\/2016\\\/11\\\/prawieoprawie-kariera-logo.png\",\"contentUrl\":\"https:\\\/\\\/prawieoprawie.pl\\\/kariera\\\/wp-content\\\/uploads\\\/2016\\\/11\\\/prawieoprawie-kariera-logo.png\",\"width\":220,\"height\":71,\"caption\":\"Kariera Prawieoprawie.pl\"},\"image\":{\"@id\":\"https:\\\/\\\/prawieoprawie.pl\\\/kariera\\\/#\\\/schema\\\/logo\\\/image\\\/\"}}]}<\/script>\n<!-- \/ Yoast SEO plugin. -->","yoast_head_json":{"title":"Polityka prywatno\u015bci - Kariera Prawieoprawie.pl","robots":{"index":"index","follow":"follow","max-snippet":"max-snippet:-1","max-image-preview":"max-image-preview:large","max-video-preview":"max-video-preview:-1"},"canonical":"https:\/\/prawieoprawie.pl\/kariera\/polityka-prywatnosci\/","og_locale":"pl_PL","og_type":"article","og_title":"Polityka prywatno\u015bci - Kariera Prawieoprawie.pl","og_description":"W\u0142a\u015bciciel serwisu Prawieoprawie.pl jest administratorem zbioru danych osobowych os\u00f3b korzystaj\u0105cych z Serwisu. W\u0142a\u015bciciel Serwisu przetwarza dane osobowe U\u017cytkownik\u00f3w wy\u0142\u0105cznie w zakresie niezb\u0119dnym do prawid\u0142owego funkcjonowania Serwisu i nale\u017cytego \u015bwiadczenia us\u0142ug...","og_url":"https:\/\/prawieoprawie.pl\/kariera\/polityka-prywatnosci\/","og_site_name":"Kariera Prawieoprawie.pl","article_modified_time":"2017-02-08T08:51:19+00:00","twitter_card":"summary_large_image","twitter_misc":{"Szacowany czas czytania":"2 minuty"},"schema":{"@context":"https:\/\/schema.org","@graph":[{"@type":"WebPage","@id":"https:\/\/prawieoprawie.pl\/kariera\/polityka-prywatnosci\/","url":"https:\/\/prawieoprawie.pl\/kariera\/polityka-prywatnosci\/","name":"Polityka prywatno\u015bci - Kariera Prawieoprawie.pl","isPartOf":{"@id":"https:\/\/prawieoprawie.pl\/kariera\/#website"},"datePublished":"2017-01-10T23:00:24+00:00","dateModified":"2017-02-08T08:51:19+00:00","breadcrumb":{"@id":"https:\/\/prawieoprawie.pl\/kariera\/polityka-prywatnosci\/#breadcrumb"},"inLanguage":"pl-PL","potentialAction":[{"@type":"ReadAction","target":["https:\/\/prawieoprawie.pl\/kariera\/polityka-prywatnosci\/"]}]},{"@type":"BreadcrumbList","@id":"https:\/\/prawieoprawie.pl\/kariera\/polityka-prywatnosci\/#breadcrumb","itemListElement":[{"@type":"ListItem","position":1,"name":"Strona g\u0142\u00f3wna","item":"https:\/\/prawieoprawie.pl\/kariera\/"},{"@type":"ListItem","position":2,"name":"Polityka prywatno\u015bci"}]},{"@type":"WebSite","@id":"https:\/\/prawieoprawie.pl\/kariera\/#website","url":"https:\/\/prawieoprawie.pl\/kariera\/","name":"Kariera Prawieoprawie.pl","description":"Og\u0142oszenia o pracy w bran\u017cy prawniczej","publisher":{"@id":"https:\/\/prawieoprawie.pl\/kariera\/#organization"},"potentialAction":[{"@type":"SearchAction","target":{"@type":"EntryPoint","urlTemplate":"https:\/\/prawieoprawie.pl\/kariera\/?s={search_term_string}"},"query-input":{"@type":"PropertyValueSpecification","valueRequired":true,"valueName":"search_term_string"}}],"inLanguage":"pl-PL"},{"@type":"Organization","@id":"https:\/\/prawieoprawie.pl\/kariera\/#organization","name":"Kariera Prawieoprawie.pl","url":"https:\/\/prawieoprawie.pl\/kariera\/","logo":{"@type":"ImageObject","inLanguage":"pl-PL","@id":"https:\/\/prawieoprawie.pl\/kariera\/#\/schema\/logo\/image\/","url":"https:\/\/prawieoprawie.pl\/kariera\/wp-content\/uploads\/2016\/11\/prawieoprawie-kariera-logo.png","contentUrl":"https:\/\/prawieoprawie.pl\/kariera\/wp-content\/uploads\/2016\/11\/prawieoprawie-kariera-logo.png","width":220,"height":71,"caption":"Kariera Prawieoprawie.pl"},"image":{"@id":"https:\/\/prawieoprawie.pl\/kariera\/#\/schema\/logo\/image\/"}}]}},"_links":{"self":[{"href":"https:\/\/prawieoprawie.pl\/kariera\/wp-json\/wp\/v2\/pages\/261","targetHints":{"allow":["GET"]}}],"collection":[{"href":"https:\/\/prawieoprawie.pl\/kariera\/wp-json\/wp\/v2\/pages"}],"about":[{"href":"https:\/\/prawieoprawie.pl\/kariera\/wp-json\/wp\/v2\/types\/page"}],"author":[{"embeddable":true,"href":"https:\/\/prawieoprawie.pl\/kariera\/wp-json\/wp\/v2\/users\/1"}],"replies":[{"embeddable":true,"href":"https:\/\/prawieoprawie.pl\/kariera\/wp-json\/wp\/v2\/comments?post=261"}],"version-history":[{"count":3,"href":"https:\/\/prawieoprawie.pl\/kariera\/wp-json\/wp\/v2\/pages\/261\/revisions"}],"predecessor-version":[{"id":316,"href":"https:\/\/prawieoprawie.pl\/kariera\/wp-json\/wp\/v2\/pages\/261\/revisions\/316"}],"wp:attachment":[{"href":"https:\/\/prawieoprawie.pl\/kariera\/wp-json\/wp\/v2\/media?parent=261"}],"curies":[{"name":"wp","href":"https:\/\/api.w.org\/{rel}","templated":true}]}}