{"id":84,"date":"2015-10-21T23:22:41","date_gmt":"2015-10-21T21:22:41","guid":{"rendered":"http:\/\/themes.loc\/workscout\/jobs\/"},"modified":"2017-06-23T11:50:13","modified_gmt":"2017-06-23T11:50:13","slug":"browse-jobs","status":"publish","type":"page","link":"https:\/\/prawieoprawie.pl\/kariera\/","title":{"rendered":"Oferty pracy"},"content":{"rendered":"<p>[vc_row][vc_column][vc_empty_space][vc_column_text]<div class=\"job_listings\" data-location=\"\" data-keywords=\"\" data-show_filters=\"true\" data-show_pagination=\"true\" data-per_page=\"10\" data-orderby=\"featured\" data-order=\"DESC\" data-categories=\"\" >\n<form class=\"job_filters\">\n\t\n\t<div class=\"search_jobs\">\n\t\t\n\t\t<div class=\"search_keywords\">\n\t\t\t<label for=\"search_keywords\">S\u0142owa kluczowe<\/label>\n\t\t\t<input type=\"text\" name=\"search_keywords\" id=\"search_keywords\" placeholder=\"S\u0142owa kluczowe\" value=\"\" \/>\n\t\t<\/div>\n\n\t\t<div class=\"search_location\">\n\t\t\t<label for=\"search_location\">Lokalizacja<\/label>\n\t\t\t<input type=\"text\" name=\"search_location\" id=\"search_location\" placeholder=\"Lokalizacja\" value=\"\" \/>\n\t\t<\/div>\n\n\t\t\t\t\t<div class=\"search_remote_position\">\n\t\t\t\t<input type=\"checkbox\" class=\"input-checkbox\" name=\"remote_position\" id=\"remote_position\" placeholder=\"Lokalizacja\" value=\"1\"  \/>\n\t\t\t\t<label for=\"remote_position\" id=\"remote_position_label\">Tylko praca zdalna<\/label>\n\t\t\t<\/div>\n\t\t\n\t\t<div style=\"clear: both\"><\/div>\n\n\t\t\t\t\t<div class=\"search_categories\">\n\t\t\t\t<label for=\"search_categories\">Kategoria<\/label>\n\t\t\t\t\t\t\t\t\t<select name='search_categories[]' id='search_categories' class='job-manager-category-dropdown ' multiple='multiple' data-placeholder='Wybierz kategori\u0119&hellip;' data-no_results_text='Brak wynik\u00f3w spe\u0142niaj\u0105cych kryteria' data-multiple_text='Wybierz niekt\u00f3re opcje'>\n\t<option class=\"level-0\" value=\"23\">Adwokat<\/option>\n\t<option class=\"level-0\" value=\"25\">Aplikant radcowski<\/option>\n\t<option class=\"level-0\" value=\"17\">Prawnik<\/option>\n\t<option class=\"level-0\" value=\"21\">Radca prawny<\/option>\n\t<option class=\"level-0\" value=\"18\">Student<\/option>\n<\/select>\n\t\t\t\t\t\t\t<\/div>\n\t\t\n\t\t\n\t\t\t<\/div>\n\n\t\n\t<ul class=\"job_types checkboxes\">\n\t\t\t<\/ul>\n\t<input type=\"hidden\" name=\"filter_job_type[]\" value=\"\" \/>\n<div class=\"showing_jobs\"><\/div><\/form>\n\n\n<noscript>Twoja przegl\u0105darka nie obs\u0142uguje JavaScript lub zosta\u0142a ona w\u0142\u0105czona. JavaScript musi by\u0107 w\u0142\u0105czony aby wy\u015bwietla\u0107 og\u0142oszenia.<\/noscript>\n<ul class=\"job_listings job-list full\"><\/ul>\n<\/div>[\/vc_column_text][\/vc_column][\/vc_row]<\/p>\n","protected":false},"excerpt":{"rendered":"<p>[vc_row][vc_column][vc_empty_space][vc_column_text][\/vc_column_text][\/vc_column][\/vc_row]<\/p>\n","protected":false},"author":1,"featured_media":0,"parent":0,"menu_order":0,"comment_status":"closed","ping_status":"closed","template":"","meta":{"_monsterinsights_skip_tracking":false,"_monsterinsights_sitenote_active":false,"_monsterinsights_sitenote_note":"","_monsterinsights_sitenote_category":0,"footnotes":""},"class_list":["post-84","page","type-page","status-publish","hentry"],"yoast_head":"<!-- This site is optimized with the Yoast SEO plugin v27.5 - https:\/\/yoast.com\/product\/yoast-seo-wordpress\/ -->\n<title>Oferty pracy - Kariera Prawieoprawie.pl<\/title>\n<meta name=\"robots\" content=\"index, follow, max-snippet:-1, max-image-preview:large, max-video-preview:-1\" \/>\n<link rel=\"canonical\" href=\"https:\/\/prawieoprawie.pl\/kariera\/\" \/>\n<meta property=\"og:locale\" content=\"pl_PL\" \/>\n<meta property=\"og:type\" content=\"article\" \/>\n<meta property=\"og:title\" content=\"Oferty pracy - Kariera Prawieoprawie.pl\" \/>\n<meta property=\"og:description\" content=\"[vc_row][vc_column][vc_empty_space][vc_column_text][\/vc_column_text][\/vc_column][\/vc_row]\" \/>\n<meta property=\"og:url\" content=\"https:\/\/prawieoprawie.pl\/kariera\/\" \/>\n<meta property=\"og:site_name\" content=\"Kariera Prawieoprawie.pl\" \/>\n<meta property=\"article:modified_time\" content=\"2017-06-23T11:50:13+00:00\" \/>\n<meta name=\"twitter:card\" content=\"summary_large_image\" \/>\n<script type=\"application\/ld+json\" class=\"yoast-schema-graph\">{\"@context\":\"https:\\\/\\\/schema.org\",\"@graph\":[{\"@type\":\"WebPage\",\"@id\":\"https:\\\/\\\/prawieoprawie.pl\\\/kariera\\\/\",\"url\":\"https:\\\/\\\/prawieoprawie.pl\\\/kariera\\\/\",\"name\":\"Oferty pracy - Kariera Prawieoprawie.pl\",\"isPartOf\":{\"@id\":\"https:\\\/\\\/prawieoprawie.pl\\\/kariera\\\/#website\"},\"datePublished\":\"2015-10-21T21:22:41+00:00\",\"dateModified\":\"2017-06-23T11:50:13+00:00\",\"breadcrumb\":{\"@id\":\"https:\\\/\\\/prawieoprawie.pl\\\/kariera\\\/#breadcrumb\"},\"inLanguage\":\"pl-PL\",\"potentialAction\":[{\"@type\":\"ReadAction\",\"target\":[\"https:\\\/\\\/prawieoprawie.pl\\\/kariera\\\/\"]}]},{\"@type\":\"BreadcrumbList\",\"@id\":\"https:\\\/\\\/prawieoprawie.pl\\\/kariera\\\/#breadcrumb\",\"itemListElement\":[{\"@type\":\"ListItem\",\"position\":1,\"name\":\"Strona g\u0142\u00f3wna\",\"item\":\"https:\\\/\\\/prawieoprawie.pl\\\/kariera\\\/\"},{\"@type\":\"ListItem\",\"position\":2,\"name\":\"Oferty pracy\"}]},{\"@type\":\"WebSite\",\"@id\":\"https:\\\/\\\/prawieoprawie.pl\\\/kariera\\\/#website\",\"url\":\"https:\\\/\\\/prawieoprawie.pl\\\/kariera\\\/\",\"name\":\"Kariera Prawieoprawie.pl\",\"description\":\"Og\u0142oszenia o pracy w bran\u017cy prawniczej\",\"publisher\":{\"@id\":\"https:\\\/\\\/prawieoprawie.pl\\\/kariera\\\/#organization\"},\"potentialAction\":[{\"@type\":\"SearchAction\",\"target\":{\"@type\":\"EntryPoint\",\"urlTemplate\":\"https:\\\/\\\/prawieoprawie.pl\\\/kariera\\\/?s={search_term_string}\"},\"query-input\":{\"@type\":\"PropertyValueSpecification\",\"valueRequired\":true,\"valueName\":\"search_term_string\"}}],\"inLanguage\":\"pl-PL\"},{\"@type\":\"Organization\",\"@id\":\"https:\\\/\\\/prawieoprawie.pl\\\/kariera\\\/#organization\",\"name\":\"Kariera Prawieoprawie.pl\",\"url\":\"https:\\\/\\\/prawieoprawie.pl\\\/kariera\\\/\",\"logo\":{\"@type\":\"ImageObject\",\"inLanguage\":\"pl-PL\",\"@id\":\"https:\\\/\\\/prawieoprawie.pl\\\/kariera\\\/#\\\/schema\\\/logo\\\/image\\\/\",\"url\":\"https:\\\/\\\/prawieoprawie.pl\\\/kariera\\\/wp-content\\\/uploads\\\/2016\\\/11\\\/prawieoprawie-kariera-logo.png\",\"contentUrl\":\"https:\\\/\\\/prawieoprawie.pl\\\/kariera\\\/wp-content\\\/uploads\\\/2016\\\/11\\\/prawieoprawie-kariera-logo.png\",\"width\":220,\"height\":71,\"caption\":\"Kariera Prawieoprawie.pl\"},\"image\":{\"@id\":\"https:\\\/\\\/prawieoprawie.pl\\\/kariera\\\/#\\\/schema\\\/logo\\\/image\\\/\"}}]}<\/script>\n<!-- \/ Yoast SEO plugin. -->","yoast_head_json":{"title":"Oferty pracy - Kariera Prawieoprawie.pl","robots":{"index":"index","follow":"follow","max-snippet":"max-snippet:-1","max-image-preview":"max-image-preview:large","max-video-preview":"max-video-preview:-1"},"canonical":"https:\/\/prawieoprawie.pl\/kariera\/","og_locale":"pl_PL","og_type":"article","og_title":"Oferty pracy - Kariera Prawieoprawie.pl","og_description":"[vc_row][vc_column][vc_empty_space][vc_column_text][\/vc_column_text][\/vc_column][\/vc_row]","og_url":"https:\/\/prawieoprawie.pl\/kariera\/","og_site_name":"Kariera Prawieoprawie.pl","article_modified_time":"2017-06-23T11:50:13+00:00","twitter_card":"summary_large_image","schema":{"@context":"https:\/\/schema.org","@graph":[{"@type":"WebPage","@id":"https:\/\/prawieoprawie.pl\/kariera\/","url":"https:\/\/prawieoprawie.pl\/kariera\/","name":"Oferty pracy - Kariera Prawieoprawie.pl","isPartOf":{"@id":"https:\/\/prawieoprawie.pl\/kariera\/#website"},"datePublished":"2015-10-21T21:22:41+00:00","dateModified":"2017-06-23T11:50:13+00:00","breadcrumb":{"@id":"https:\/\/prawieoprawie.pl\/kariera\/#breadcrumb"},"inLanguage":"pl-PL","potentialAction":[{"@type":"ReadAction","target":["https:\/\/prawieoprawie.pl\/kariera\/"]}]},{"@type":"BreadcrumbList","@id":"https:\/\/prawieoprawie.pl\/kariera\/#breadcrumb","itemListElement":[{"@type":"ListItem","position":1,"name":"Strona g\u0142\u00f3wna","item":"https:\/\/prawieoprawie.pl\/kariera\/"},{"@type":"ListItem","position":2,"name":"Oferty pracy"}]},{"@type":"WebSite","@id":"https:\/\/prawieoprawie.pl\/kariera\/#website","url":"https:\/\/prawieoprawie.pl\/kariera\/","name":"Kariera Prawieoprawie.pl","description":"Og\u0142oszenia o pracy w bran\u017cy prawniczej","publisher":{"@id":"https:\/\/prawieoprawie.pl\/kariera\/#organization"},"potentialAction":[{"@type":"SearchAction","target":{"@type":"EntryPoint","urlTemplate":"https:\/\/prawieoprawie.pl\/kariera\/?s={search_term_string}"},"query-input":{"@type":"PropertyValueSpecification","valueRequired":true,"valueName":"search_term_string"}}],"inLanguage":"pl-PL"},{"@type":"Organization","@id":"https:\/\/prawieoprawie.pl\/kariera\/#organization","name":"Kariera Prawieoprawie.pl","url":"https:\/\/prawieoprawie.pl\/kariera\/","logo":{"@type":"ImageObject","inLanguage":"pl-PL","@id":"https:\/\/prawieoprawie.pl\/kariera\/#\/schema\/logo\/image\/","url":"https:\/\/prawieoprawie.pl\/kariera\/wp-content\/uploads\/2016\/11\/prawieoprawie-kariera-logo.png","contentUrl":"https:\/\/prawieoprawie.pl\/kariera\/wp-content\/uploads\/2016\/11\/prawieoprawie-kariera-logo.png","width":220,"height":71,"caption":"Kariera Prawieoprawie.pl"},"image":{"@id":"https:\/\/prawieoprawie.pl\/kariera\/#\/schema\/logo\/image\/"}}]}},"_links":{"self":[{"href":"https:\/\/prawieoprawie.pl\/kariera\/wp-json\/wp\/v2\/pages\/84","targetHints":{"allow":["GET"]}}],"collection":[{"href":"https:\/\/prawieoprawie.pl\/kariera\/wp-json\/wp\/v2\/pages"}],"about":[{"href":"https:\/\/prawieoprawie.pl\/kariera\/wp-json\/wp\/v2\/types\/page"}],"author":[{"embeddable":true,"href":"https:\/\/prawieoprawie.pl\/kariera\/wp-json\/wp\/v2\/users\/1"}],"replies":[{"embeddable":true,"href":"https:\/\/prawieoprawie.pl\/kariera\/wp-json\/wp\/v2\/comments?post=84"}],"version-history":[{"count":13,"href":"https:\/\/prawieoprawie.pl\/kariera\/wp-json\/wp\/v2\/pages\/84\/revisions"}],"predecessor-version":[{"id":1023,"href":"https:\/\/prawieoprawie.pl\/kariera\/wp-json\/wp\/v2\/pages\/84\/revisions\/1023"}],"wp:attachment":[{"href":"https:\/\/prawieoprawie.pl\/kariera\/wp-json\/wp\/v2\/media?parent=84"}],"curies":[{"name":"wp","href":"https:\/\/api.w.org\/{rel}","templated":true}]}}