{"id":85,"date":"2015-10-21T23:22:40","date_gmt":"2015-10-21T21:22:40","guid":{"rendered":"http:\/\/themes.loc\/workscout\/post-a-job\/"},"modified":"2017-02-03T07:57:57","modified_gmt":"2017-02-03T07:57:57","slug":"post-a-job","status":"publish","type":"page","link":"https:\/\/prawieoprawie.pl\/kariera\/post-a-job\/","title":{"rendered":"Dodaj og\u0142oszenie"},"content":{"rendered":"<p>[vc_row][vc_column]<h3 class=\"margin-top-0 margin-bottom-25\">Dodaj bezp\u0142atne og\u0142oszenie<\/h3>\n<div class=\"wpcf7 no-js\" id=\"wpcf7-f197-o1\" lang=\"pl-PL\" dir=\"ltr\" data-wpcf7-id=\"197\">\n<div class=\"screen-reader-response\"><p role=\"status\" aria-live=\"polite\" aria-atomic=\"true\"><\/p> <ul><\/ul><\/div>\n<form action=\"\/kariera\/wp-json\/wp\/v2\/pages\/85#wpcf7-f197-o1\" method=\"post\" class=\"wpcf7-form init\" aria-label=\"Formularz kontaktowy\" enctype=\"multipart\/form-data\" novalidate=\"novalidate\" data-status=\"init\">\n<fieldset class=\"hidden-fields-container\"><input type=\"hidden\" name=\"_wpcf7\" value=\"197\" \/><input type=\"hidden\" name=\"_wpcf7_version\" value=\"6.1.5\" \/><input type=\"hidden\" name=\"_wpcf7_locale\" value=\"pl_PL\" \/><input type=\"hidden\" name=\"_wpcf7_unit_tag\" value=\"wpcf7-f197-o1\" \/><input type=\"hidden\" name=\"_wpcf7_container_post\" value=\"0\" \/><input type=\"hidden\" name=\"_wpcf7_posted_data_hash\" value=\"\" \/>\n<\/fieldset>\n<fieldset>\n\t<div>\n\t\t<p><label>Osoba kontaktowa:<\/label><span class=\"wpcf7-form-control-wrap\" data-name=\"your-name\"><input size=\"40\" maxlength=\"400\" class=\"wpcf7-form-control wpcf7-text wpcf7-validates-as-required\" aria-required=\"true\" aria-invalid=\"false\" value=\"\" type=\"text\" name=\"your-name\" \/><\/span>\n\t\t<\/p>\n\t<\/div>\n\t<div>\n\t\t<p><label>Email do osoby kontaktowej:<span><\/span><\/label><span class=\"wpcf7-form-control-wrap\" data-name=\"your-email\"><input size=\"40\" maxlength=\"400\" class=\"wpcf7-form-control wpcf7-email wpcf7-validates-as-required wpcf7-text wpcf7-validates-as-email\" aria-required=\"true\" aria-invalid=\"false\" value=\"\" type=\"email\" name=\"your-email\" \/><\/span>\n\t\t<\/p>\n\t<\/div>\n\t<div>\n\t\t<p><label>Tytu\u0142 og\u0142oszenia\/ Stanowisko:<\/label><span class=\"wpcf7-form-control-wrap\" data-name=\"Tytuogoszenia\"><input size=\"40\" maxlength=\"400\" class=\"wpcf7-form-control wpcf7-text wpcf7-validates-as-required\" aria-required=\"true\" aria-invalid=\"false\" placeholder=\"\" value=\"\" type=\"text\" name=\"Tytuogoszenia\" \/><\/span>\n\t\t<\/p>\n\t<\/div>\n\t<div>\n\t\t<p><label>Lokalizacja\/Miasto:<\/label><span class=\"wpcf7-form-control-wrap\" data-name=\"Lokalizacja\"><input size=\"40\" maxlength=\"400\" class=\"wpcf7-form-control wpcf7-text wpcf7-validates-as-required\" aria-required=\"true\" aria-invalid=\"false\" value=\"\" type=\"text\" name=\"Lokalizacja\" \/><\/span>\n\t\t<\/p>\n\t<\/div>\n\t<div>\n\t\t<p><label>Tre\u015b\u0107 og\u0142oszenia:<\/label><span class=\"wpcf7-form-control-wrap\" data-name=\"Treogoszenia\"><textarea cols=\"40\" rows=\"10\" maxlength=\"2000\" class=\"wpcf7-form-control wpcf7-textarea\" aria-invalid=\"false\" placeholder=\"\" name=\"Treogoszenia\"><\/textarea><\/span>\n\t\t<\/p>\n\t<\/div>\n\t<div>\n\t\t<p><label>E-mail, na kt\u00f3ry maj\u0105 by\u0107 wysy\u0142ane zg\u0142oszenia:<\/label><span class=\"wpcf7-form-control-wrap\" data-name=\"E-mailnaktrymazostawysaneogoszenie\"><input size=\"40\" maxlength=\"400\" class=\"wpcf7-form-control wpcf7-text wpcf7-validates-as-required\" aria-required=\"true\" aria-invalid=\"false\" placeholder=\"\" value=\"\" type=\"text\" name=\"E-mailnaktrymazostawysaneogoszenie\" \/><\/span>\n\t\t<\/p>\n\t<\/div>\n\t<div>\n\t\t<p><label>Nazwa firmy\/ og\u0142oszeniodawcy:<\/label><span class=\"wpcf7-form-control-wrap\" data-name=\"Nazwafirmyogoszeniodawcy\"><input size=\"40\" maxlength=\"400\" class=\"wpcf7-form-control wpcf7-text wpcf7-validates-as-required\" aria-required=\"true\" aria-invalid=\"false\" placeholder=\"\" value=\"\" type=\"text\" name=\"Nazwafirmyogoszeniodawcy\" \/><\/span>\n\t\t<\/p>\n\t<\/div>\n\t<div>\n\t\t<p><label>Strona firmy\/ og\u0142oszeniodawcy: (nieobowi\u0105zkowe)<\/label><span class=\"wpcf7-form-control-wrap\" data-name=\"Stronafirmyogoszeniodawcy\"><input size=\"40\" maxlength=\"400\" class=\"wpcf7-form-control wpcf7-text\" aria-invalid=\"false\" placeholder=\"\" value=\"\" type=\"text\" name=\"Stronafirmyogoszeniodawcy\" \/><\/span>\n\t\t<\/p>\n\t<\/div>\n\t<div>\n\t\t<p><label>Dodaj plik z logo:<\/label><span class=\"wpcf7-form-control-wrap\" data-name=\"file-451\"><input size=\"40\" class=\"wpcf7-form-control wpcf7-file\" accept=\".txt,.doc,.docx,.pdf,.jpeg,.png\" aria-invalid=\"false\" type=\"file\" name=\"file-451\" \/><\/span>\n\t\t<\/p>\n\t<\/div>\n\t<div>\n\t\t<p><label>Wyra\u017cam zgod\u0119 na pobranie i wykorzystanie w og\u0142oszeniu logotypu ze strony www og\u0142oszeniodawcy:<\/label><span class=\"wpcf7-form-control-wrap\" data-name=\"Zgodanalogotyp\"><span class=\"wpcf7-form-control wpcf7-radio\"><span class=\"wpcf7-list-item first\"><input type=\"radio\" name=\"Zgodanalogotyp\" value=\"Wyra\u017cam zgod\u0119\" checked=\"checked\" \/><span class=\"wpcf7-list-item-label\">Wyra\u017cam zgod\u0119<\/span><\/span><span class=\"wpcf7-list-item last\"><input type=\"radio\" name=\"Zgodanalogotyp\" value=\"Nie wyra\u017cam zgody\" \/><span class=\"wpcf7-list-item-label\">Nie wyra\u017cam zgody<\/span><\/span><\/span><\/span>\n\t\t<\/p>\n\t<\/div>\n<\/fieldset>\n<p><input class=\"wpcf7-form-control wpcf7-submit has-spinner\" type=\"submit\" value=\"Wy\u015blij\" \/>\n<\/p>\n<div class=\"clear\">\n<\/div><p style=\"display: none !important;\" class=\"akismet-fields-container\" data-prefix=\"_wpcf7_ak_\"><label>&#916;<textarea name=\"_wpcf7_ak_hp_textarea\" cols=\"45\" rows=\"8\" maxlength=\"100\"><\/textarea><\/label><input type=\"hidden\" id=\"ak_js_1\" name=\"_wpcf7_ak_js\" value=\"243\"\/><script type=\"text\/javascript\">\n\/* <![CDATA[ *\/\ndocument.getElementById( \"ak_js_1\" ).setAttribute( \"value\", ( new Date() ).getTime() );\n\/* ]]> *\/\n<\/script>\n<\/p><div class=\"wpcf7-response-output\" aria-hidden=\"true\"><\/div>\n<\/form>\n<\/div>\n[\/vc_column][\/vc_row]<\/p>\n","protected":false},"excerpt":{"rendered":"<p>[vc_row][vc_column][\/vc_column][\/vc_row]<\/p>\n","protected":false},"author":1,"featured_media":0,"parent":0,"menu_order":0,"comment_status":"closed","ping_status":"closed","template":"","meta":{"_monsterinsights_skip_tracking":false,"_monsterinsights_sitenote_active":false,"_monsterinsights_sitenote_note":"","_monsterinsights_sitenote_category":0,"footnotes":""},"class_list":["post-85","page","type-page","status-publish","hentry"],"yoast_head":"<!-- This site is optimized with the Yoast SEO plugin v27.5 - https:\/\/yoast.com\/product\/yoast-seo-wordpress\/ -->\n<title>Dodaj og\u0142oszenie - Kariera Prawieoprawie.pl<\/title>\n<meta name=\"robots\" content=\"index, follow, max-snippet:-1, max-image-preview:large, max-video-preview:-1\" \/>\n<link rel=\"canonical\" href=\"https:\/\/prawieoprawie.pl\/kariera\/post-a-job\/\" \/>\n<meta property=\"og:locale\" content=\"pl_PL\" \/>\n<meta property=\"og:type\" content=\"article\" \/>\n<meta property=\"og:title\" content=\"Dodaj og\u0142oszenie - Kariera Prawieoprawie.pl\" \/>\n<meta property=\"og:description\" content=\"[vc_row][vc_column][\/vc_column][\/vc_row]\" \/>\n<meta property=\"og:url\" content=\"https:\/\/prawieoprawie.pl\/kariera\/post-a-job\/\" \/>\n<meta property=\"og:site_name\" content=\"Kariera Prawieoprawie.pl\" \/>\n<meta property=\"article:modified_time\" content=\"2017-02-03T07:57:57+00:00\" \/>\n<meta name=\"twitter:card\" content=\"summary_large_image\" \/>\n<script type=\"application\/ld+json\" class=\"yoast-schema-graph\">{\"@context\":\"https:\\\/\\\/schema.org\",\"@graph\":[{\"@type\":\"WebPage\",\"@id\":\"https:\\\/\\\/prawieoprawie.pl\\\/kariera\\\/post-a-job\\\/\",\"url\":\"https:\\\/\\\/prawieoprawie.pl\\\/kariera\\\/post-a-job\\\/\",\"name\":\"Dodaj og\u0142oszenie - Kariera Prawieoprawie.pl\",\"isPartOf\":{\"@id\":\"https:\\\/\\\/prawieoprawie.pl\\\/kariera\\\/#website\"},\"datePublished\":\"2015-10-21T21:22:40+00:00\",\"dateModified\":\"2017-02-03T07:57:57+00:00\",\"breadcrumb\":{\"@id\":\"https:\\\/\\\/prawieoprawie.pl\\\/kariera\\\/post-a-job\\\/#breadcrumb\"},\"inLanguage\":\"pl-PL\",\"potentialAction\":[{\"@type\":\"ReadAction\",\"target\":[\"https:\\\/\\\/prawieoprawie.pl\\\/kariera\\\/post-a-job\\\/\"]}]},{\"@type\":\"BreadcrumbList\",\"@id\":\"https:\\\/\\\/prawieoprawie.pl\\\/kariera\\\/post-a-job\\\/#breadcrumb\",\"itemListElement\":[{\"@type\":\"ListItem\",\"position\":1,\"name\":\"Strona g\u0142\u00f3wna\",\"item\":\"https:\\\/\\\/prawieoprawie.pl\\\/kariera\\\/\"},{\"@type\":\"ListItem\",\"position\":2,\"name\":\"Dodaj og\u0142oszenie\"}]},{\"@type\":\"WebSite\",\"@id\":\"https:\\\/\\\/prawieoprawie.pl\\\/kariera\\\/#website\",\"url\":\"https:\\\/\\\/prawieoprawie.pl\\\/kariera\\\/\",\"name\":\"Kariera Prawieoprawie.pl\",\"description\":\"Og\u0142oszenia o pracy w bran\u017cy prawniczej\",\"publisher\":{\"@id\":\"https:\\\/\\\/prawieoprawie.pl\\\/kariera\\\/#organization\"},\"potentialAction\":[{\"@type\":\"SearchAction\",\"target\":{\"@type\":\"EntryPoint\",\"urlTemplate\":\"https:\\\/\\\/prawieoprawie.pl\\\/kariera\\\/?s={search_term_string}\"},\"query-input\":{\"@type\":\"PropertyValueSpecification\",\"valueRequired\":true,\"valueName\":\"search_term_string\"}}],\"inLanguage\":\"pl-PL\"},{\"@type\":\"Organization\",\"@id\":\"https:\\\/\\\/prawieoprawie.pl\\\/kariera\\\/#organization\",\"name\":\"Kariera Prawieoprawie.pl\",\"url\":\"https:\\\/\\\/prawieoprawie.pl\\\/kariera\\\/\",\"logo\":{\"@type\":\"ImageObject\",\"inLanguage\":\"pl-PL\",\"@id\":\"https:\\\/\\\/prawieoprawie.pl\\\/kariera\\\/#\\\/schema\\\/logo\\\/image\\\/\",\"url\":\"https:\\\/\\\/prawieoprawie.pl\\\/kariera\\\/wp-content\\\/uploads\\\/2016\\\/11\\\/prawieoprawie-kariera-logo.png\",\"contentUrl\":\"https:\\\/\\\/prawieoprawie.pl\\\/kariera\\\/wp-content\\\/uploads\\\/2016\\\/11\\\/prawieoprawie-kariera-logo.png\",\"width\":220,\"height\":71,\"caption\":\"Kariera Prawieoprawie.pl\"},\"image\":{\"@id\":\"https:\\\/\\\/prawieoprawie.pl\\\/kariera\\\/#\\\/schema\\\/logo\\\/image\\\/\"}}]}<\/script>\n<!-- \/ Yoast SEO plugin. -->","yoast_head_json":{"title":"Dodaj og\u0142oszenie - Kariera Prawieoprawie.pl","robots":{"index":"index","follow":"follow","max-snippet":"max-snippet:-1","max-image-preview":"max-image-preview:large","max-video-preview":"max-video-preview:-1"},"canonical":"https:\/\/prawieoprawie.pl\/kariera\/post-a-job\/","og_locale":"pl_PL","og_type":"article","og_title":"Dodaj og\u0142oszenie - Kariera Prawieoprawie.pl","og_description":"[vc_row][vc_column][\/vc_column][\/vc_row]","og_url":"https:\/\/prawieoprawie.pl\/kariera\/post-a-job\/","og_site_name":"Kariera Prawieoprawie.pl","article_modified_time":"2017-02-03T07:57:57+00:00","twitter_card":"summary_large_image","schema":{"@context":"https:\/\/schema.org","@graph":[{"@type":"WebPage","@id":"https:\/\/prawieoprawie.pl\/kariera\/post-a-job\/","url":"https:\/\/prawieoprawie.pl\/kariera\/post-a-job\/","name":"Dodaj og\u0142oszenie - Kariera Prawieoprawie.pl","isPartOf":{"@id":"https:\/\/prawieoprawie.pl\/kariera\/#website"},"datePublished":"2015-10-21T21:22:40+00:00","dateModified":"2017-02-03T07:57:57+00:00","breadcrumb":{"@id":"https:\/\/prawieoprawie.pl\/kariera\/post-a-job\/#breadcrumb"},"inLanguage":"pl-PL","potentialAction":[{"@type":"ReadAction","target":["https:\/\/prawieoprawie.pl\/kariera\/post-a-job\/"]}]},{"@type":"BreadcrumbList","@id":"https:\/\/prawieoprawie.pl\/kariera\/post-a-job\/#breadcrumb","itemListElement":[{"@type":"ListItem","position":1,"name":"Strona g\u0142\u00f3wna","item":"https:\/\/prawieoprawie.pl\/kariera\/"},{"@type":"ListItem","position":2,"name":"Dodaj og\u0142oszenie"}]},{"@type":"WebSite","@id":"https:\/\/prawieoprawie.pl\/kariera\/#website","url":"https:\/\/prawieoprawie.pl\/kariera\/","name":"Kariera Prawieoprawie.pl","description":"Og\u0142oszenia o pracy w bran\u017cy prawniczej","publisher":{"@id":"https:\/\/prawieoprawie.pl\/kariera\/#organization"},"potentialAction":[{"@type":"SearchAction","target":{"@type":"EntryPoint","urlTemplate":"https:\/\/prawieoprawie.pl\/kariera\/?s={search_term_string}"},"query-input":{"@type":"PropertyValueSpecification","valueRequired":true,"valueName":"search_term_string"}}],"inLanguage":"pl-PL"},{"@type":"Organization","@id":"https:\/\/prawieoprawie.pl\/kariera\/#organization","name":"Kariera Prawieoprawie.pl","url":"https:\/\/prawieoprawie.pl\/kariera\/","logo":{"@type":"ImageObject","inLanguage":"pl-PL","@id":"https:\/\/prawieoprawie.pl\/kariera\/#\/schema\/logo\/image\/","url":"https:\/\/prawieoprawie.pl\/kariera\/wp-content\/uploads\/2016\/11\/prawieoprawie-kariera-logo.png","contentUrl":"https:\/\/prawieoprawie.pl\/kariera\/wp-content\/uploads\/2016\/11\/prawieoprawie-kariera-logo.png","width":220,"height":71,"caption":"Kariera Prawieoprawie.pl"},"image":{"@id":"https:\/\/prawieoprawie.pl\/kariera\/#\/schema\/logo\/image\/"}}]}},"_links":{"self":[{"href":"https:\/\/prawieoprawie.pl\/kariera\/wp-json\/wp\/v2\/pages\/85","targetHints":{"allow":["GET"]}}],"collection":[{"href":"https:\/\/prawieoprawie.pl\/kariera\/wp-json\/wp\/v2\/pages"}],"about":[{"href":"https:\/\/prawieoprawie.pl\/kariera\/wp-json\/wp\/v2\/types\/page"}],"author":[{"embeddable":true,"href":"https:\/\/prawieoprawie.pl\/kariera\/wp-json\/wp\/v2\/users\/1"}],"replies":[{"embeddable":true,"href":"https:\/\/prawieoprawie.pl\/kariera\/wp-json\/wp\/v2\/comments?post=85"}],"version-history":[{"count":13,"href":"https:\/\/prawieoprawie.pl\/kariera\/wp-json\/wp\/v2\/pages\/85\/revisions"}],"predecessor-version":[{"id":292,"href":"https:\/\/prawieoprawie.pl\/kariera\/wp-json\/wp\/v2\/pages\/85\/revisions\/292"}],"wp:attachment":[{"href":"https:\/\/prawieoprawie.pl\/kariera\/wp-json\/wp\/v2\/media?parent=85"}],"curies":[{"name":"wp","href":"https:\/\/api.w.org\/{rel}","templated":true}]}}